{"id":393,"date":"2020-11-28T09:20:12","date_gmt":"2020-11-28T01:20:12","guid":{"rendered":"https:\/\/www.changqiyu.com\/?page_id=393"},"modified":"2022-06-02T02:40:26","modified_gmt":"2022-06-01T18:40:26","slug":"philosophy-of-structure-school-of-sagrada-familia","status":"publish","type":"page","link":"https:\/\/www.changqiyu.com\/index.php\/researches\/philosophy-of-structure-school-of-sagrada-familia\/","title":{"rendered":"Philosophy of Structure &#8211; School of Sagrada Familia"},"content":{"rendered":"<p><span style=\"font-size: 10pt;\"><\/span><\/p>\r\n<p>&nbsp;<\/p>\r\n<p><span style=\"font-size: 10pt;\">\r\n\r\n<\/span><\/p>\r\n<p><span style=\"font-size: 10pt;\">As the great masterpiece known by the world, Sagrada Familia is the representative work by Antoni Gaudi. But the small building besides Sagrada Familia, which under the shadow of it and rarely draw people\u2019s attentions actually is also a very interesting and unique work designed by Gaudi. This small building is called the school of Sagrada Familia. It was constructed between 1908 and 1909 on the corner of the Sagrada Familia lot, in between Sardenya and Mallorca streets. It was originally built as a temporary school for the children of the men who were working on the temple. And it would have to be demolished to finish the temple, but as the temple hasn\u2019t been finished yet, it also became an indivisible part of Sagrada Familia.<\/span><\/p>\r\n<p><span style=\"font-size: 10pt;\">\r\n\r\n<\/span><\/p>\r\n<div class=\"wp-block-image\">\r\n<figure class=\"aligncenter size-medium\"><span style=\"font-size: 10pt;\"><img loading=\"lazy\" width=\"300\" height=\"259\" class=\"wp-image-427\" src=\"https:\/\/www.changqiyu.com\/wp-content\/uploads\/2020\/12\/Gaudi-and-the-vaults-over-the-Sagrada-Familia-School01-300x259.jpg\" alt=\"\" srcset=\"https:\/\/www.changqiyu.com\/wp-content\/uploads\/2020\/12\/Gaudi-and-the-vaults-over-the-Sagrada-Familia-School01-300x259.jpg 300w, https:\/\/www.changqiyu.com\/wp-content\/uploads\/2020\/12\/Gaudi-and-the-vaults-over-the-Sagrada-Familia-School01.jpg 392w\" sizes=\"(max-width: 300px) 100vw, 300px\" \/><\/span><\/figure>\r\n<figure class=\"aligncenter size-medium\"><span style=\"font-size: 10pt;\"> <img loading=\"lazy\" width=\"300\" height=\"227\" class=\"wp-image-436\" src=\"https:\/\/www.changqiyu.com\/wp-content\/uploads\/2020\/12\/EscolesDeLaSagradaFamilia-300x227.jpg\" alt=\"\" srcset=\"https:\/\/www.changqiyu.com\/wp-content\/uploads\/2020\/12\/EscolesDeLaSagradaFamilia-300x227.jpg 300w, https:\/\/www.changqiyu.com\/wp-content\/uploads\/2020\/12\/EscolesDeLaSagradaFamilia.jpg 450w\" sizes=\"(max-width: 300px) 100vw, 300px\" \/><\/span><\/figure>\r\n<\/div>\r\n<p><span style=\"font-size: 10pt;\">\r\n\r\n<\/span><\/p>\r\n<div class=\"wp-block-image\">\r\n<figure class=\"aligncenter size-medium\"><span style=\"font-size: 10pt;\">Fig.01. School of Sagrada Fam\u00edlia before 1936<br \/><\/span><span style=\"font-size: 10pt;\">Fig.02. School of Sagrada Fam\u00edlia<\/span><\/figure>\r\n<\/div>\r\n<p><span style=\"font-size: 10pt;\">\r\n\r\n<\/span><\/p>\r\n<p><span style=\"font-size: 10pt;\">\r\n\r\n<\/span><\/p>\r\n<p><span style=\"font-size: 10pt;\">During the Spanish Civil War, the building was burned down twice. The first time was in 1936 and Gaudi&#8217;s helper, Sugras, was in charge of reconstruction. The second time was at the end of the War (1939), and this time, architect Francisco de Paula Quintana was in charge of the reparations. (Gaudiclub) Now it serves as an office and exhibition place for Sagrada Familia and Gaudi\u2019s works and models, which embraces a lot of tourists every day and be recognized as one of Gaudi\u2019s most important works, because of its attracting structure. Everyone would notice the undulating roof and undulating walls at first glance that specified Gaudi\u2019s imaginary construction techniques.<\/span><\/p>\r\n<p><span style=\"font-size: 10pt;\">\r\n\r\n<\/span><\/p>\r\n<p><span style=\"font-size: 10pt;\">As a provisional building with limited budget, Gaudi had to use the cheapest materials and construction method to avoid building something that approached being superfluous, or self-aggrandizing, or too expensive. The basic components of the construction is Catalonian brick (29x14x4 cm) that is very thin and light. The thin walls and roof made it use less materials than conventional construction methods. The dimensions of this school are 24 m long, 12 m wide and 6 m height.<\/span><\/p>\r\n<p><span style=\"font-size: 10pt;\">\r\n\r\n<\/span><\/p>\r\n<div class=\"wp-block-image\">\r\n<figure class=\"aligncenter size-medium\"><span style=\"font-size: 10pt;\"><img loading=\"lazy\" class=\"wp-image-430\" src=\"https:\/\/www.changqiyu.com\/wp-content\/uploads\/2020\/12\/Gaudi-and-the-vaults-over-the-Sagrada-Familia-School06-191x300.jpg\" alt=\"\" width=\"232\" height=\"365\" srcset=\"https:\/\/www.changqiyu.com\/wp-content\/uploads\/2020\/12\/Gaudi-and-the-vaults-over-the-Sagrada-Familia-School06-191x300.jpg 191w, https:\/\/www.changqiyu.com\/wp-content\/uploads\/2020\/12\/Gaudi-and-the-vaults-over-the-Sagrada-Familia-School06.jpg 480w\" sizes=\"(max-width: 232px) 100vw, 232px\" \/>\u00a0 \u00a0 \u00a0 \u00a0 \u00a0\u00a0<\/span><\/figure>\r\n<figure class=\"aligncenter size-medium\"><span style=\"font-size: 10pt;\"> <img loading=\"lazy\" class=\"wp-image-438\" src=\"https:\/\/www.changqiyu.com\/wp-content\/uploads\/2020\/12\/Gaudi-escolesSgFam-1713-02-300x200.jpg\" alt=\"\" width=\"348\" height=\"232\" srcset=\"https:\/\/www.changqiyu.com\/wp-content\/uploads\/2020\/12\/Gaudi-escolesSgFam-1713-02-300x200.jpg 300w, https:\/\/www.changqiyu.com\/wp-content\/uploads\/2020\/12\/Gaudi-escolesSgFam-1713-02-1024x683.jpg 1024w, https:\/\/www.changqiyu.com\/wp-content\/uploads\/2020\/12\/Gaudi-escolesSgFam-1713-02-768x512.jpg 768w, https:\/\/www.changqiyu.com\/wp-content\/uploads\/2020\/12\/Gaudi-escolesSgFam-1713-02.jpg 1200w\" sizes=\"(max-width: 348px) 100vw, 348px\" \/><\/span><\/figure>\r\n<\/div>\r\n<p><span style=\"font-size: 10pt;\">\r\n\r\n<\/span><\/p>\r\n<div class=\"wp-block-image\">\u00a0<\/div>\r\n<p><span style=\"font-size: 10pt;\">\r\n\r\n<\/span><\/p>\r\n<p><span style=\"font-size: 10pt;\">Fig.03.Detail of the vertical Catalonian brick<br \/><\/span><span style=\"font-size: 10pt;\">Fig.04.Photo of School of Sagrada Familia<\/span><\/p>\r\n<p><span style=\"font-size: 10pt;\">\r\n\r\n<\/span><\/p>\r\n<p><span style=\"font-size: 10pt;\">\r\n\r\n<\/span><\/p>\r\n<p><span style=\"font-size: 10pt;\">In order to support the weight itself with thin structures, Gaudi promoted the Catalan Vault structure and invented this ingenious approach to building a stable structure with minimal material. The wall of fencing has only two layer of Roman brick, each one only 4cm thick. It is a wall of fencing less than 10cm thick and rises to a height of almost 5.6m. It is, therefore, extremely slender and would be most unstable were it not for the undulation itself that gave it strength against the wind. If you wanted to make a thin piece of cardboard stand upright on a table, you would have to fold it or give it some sort of shape, otherwise it would fall over before a gust of wind even came. Gaudi, with the undulating surfaces of the facades, has done exactly that: the undulation is not a naive caprice, but is structural, a lesson in mechanics. (Gaudiallgaudi) The roof, also of three layers of Catalonian brick, which is very thin structure supported by the walls, has conical vaults of extreme rigidity.<\/span><\/p>\r\n<p><span style=\"font-size: 10pt;\">\r\n\r\n<\/span><\/p>\r\n<p><span style=\"font-size: 10pt;\">Building a wavy facade should be very complicated, but here Gaudi used geometric element to limit it to a controllable shape. Basically the facades and the roof used the idea of folded structure, but in a more smooth way. Folded structure usually are used to achieve more constructive height and greater rigidity and reduce the net weight of the structural element. It is one of the most cost-effective constructions, using less material because of their high stiffness in the plane of maximum bending in the direction of the range (Romi\u0107, 1980). Design and construction of folded structures occurs at the beginning of the twentieth century, and is associated with the development of reinforced concrete (Rosman &amp; Nonveiller, 1984). Here Gaudi already implemented this construction method and even promoted to a more advanced level that combined with curvatures, so we can say this was an incredible building at that time.<\/span><\/p>\r\n<p><span style=\"font-size: 10pt;\">\r\n\r\n<\/span><\/p>\r\n<div class=\"wp-block-image\">\r\n<figure class=\"aligncenter size-full\"><span style=\"font-size: 10pt;\"><img loading=\"lazy\" width=\"587\" height=\"281\" class=\"wp-image-439\" src=\"https:\/\/www.changqiyu.com\/wp-content\/uploads\/2020\/12\/FOLDED-STRUCTURES-IN-MODERN-ARCHITECTURE-\uf020.jpg\" alt=\"\" srcset=\"https:\/\/www.changqiyu.com\/wp-content\/uploads\/2020\/12\/FOLDED-STRUCTURES-IN-MODERN-ARCHITECTURE-\uf020.jpg 587w, https:\/\/www.changqiyu.com\/wp-content\/uploads\/2020\/12\/FOLDED-STRUCTURES-IN-MODERN-ARCHITECTURE-\uf020-300x144.jpg 300w\" sizes=\"(max-width: 587px) 100vw, 587px\" \/><\/span><\/figure>\r\n<\/div>\r\n<p><span style=\"font-size: 10pt;\">\r\n\r\n<\/span><\/p>\r\n<p><span style=\"font-size: 10pt;\">Fig.05. Categories of different folded surfaces (\u0160ekularac, Ivanovi\u0107-\u0160ekularac &amp; \u010ciki\u0107-Tovarovi\u0107, 2012)<\/span><\/p>\r\n<p><span style=\"font-size: 10pt;\">\r\n\r\n<\/span><\/p>\r\n<p><span style=\"font-size: 10pt;\">To make the folding smooth, Gaudi transferred the straight folding into curvature elements. The surface of these facades is comprised of rotated planes known as conoids. A conoid is a surface consisting of a series of straight lines (generatrices), all of which are parallel to a guiding plane and simultaneously supported by two guiding lines (directrices), one of which is straight and the other curved. To make the straight guiding line, a cord was tied taut between the highest and lowest points of the roof. Next, many cords-each about 10-15cm long-are tied to the straight bar above and hang down to the sinusoid below. Lastly, the walls are raised according to the guiding cords, and if the dimensions of the brick are small enough in comparison to the whole area, the section will correct itself well enough, producing this spectacular result. (Gaudiallgaudi) The stable folded corrugated wall allowed it to be very thin that just 9cm thick in all, which is the resulting sum from double thick brick (29x14x4 cm) together with mortar (4 + 4 + 1 cm).<\/span><\/p>\r\n<p><span style=\"font-size: 10pt;\">\r\n\r\n<\/span><\/p>\r\n<p><span style=\"font-size: 10pt;\">The roof is also fashioned on conical vault framework in three layer of Catalonian bricks to avoid using conventional layered roofs, which are much more expensive than a beamed roof. On the edges of the two longest facades, the profiles show the shape of a sine wave. And the sine waves in opposite facades also mismatched, one side with four sine cycles and another side with three and a half, the highest points of one are aligned with the lowest points of the other, the wooden beams resting on top of these walls (instead of just being parallel to them forming a flat surface) each follow a different slope toward one side or the other and finally, with the ceramic roof covering, conform to the undulating surface of a conoid. The roof is also recognized as a ruled surface.<\/span><\/p>\r\n<p><span style=\"font-size: 10pt;\">\r\n\r\n<\/span><\/p>\r\n<div class=\"wp-block-image\">\r\n<figure class=\"aligncenter size-medium\"><span style=\"font-size: 10pt;\"><img loading=\"lazy\" width=\"300\" height=\"225\" class=\"wp-image-417\" src=\"https:\/\/www.changqiyu.com\/wp-content\/uploads\/2020\/12\/escolesgaudi1-300x225.jpg\" alt=\"\" srcset=\"https:\/\/www.changqiyu.com\/wp-content\/uploads\/2020\/12\/escolesgaudi1-300x225.jpg 300w, https:\/\/www.changqiyu.com\/wp-content\/uploads\/2020\/12\/escolesgaudi1-1024x768.jpg 1024w, https:\/\/www.changqiyu.com\/wp-content\/uploads\/2020\/12\/escolesgaudi1-768x576.jpg 768w, https:\/\/www.changqiyu.com\/wp-content\/uploads\/2020\/12\/escolesgaudi1-1536x1152.jpg 1536w, https:\/\/www.changqiyu.com\/wp-content\/uploads\/2020\/12\/escolesgaudi1-840x630.jpg 840w, https:\/\/www.changqiyu.com\/wp-content\/uploads\/2020\/12\/escolesgaudi1.jpg 1600w\" sizes=\"(max-width: 300px) 100vw, 300px\" \/><\/span><\/figure>\r\n<\/div>\r\n<p><span style=\"font-size: 10pt;\">\r\n\r\n<\/span><\/p>\r\n<p><span style=\"font-size: 10pt;\">Fig.06. The conoid on the roof.<\/span><\/p>\r\n<p><span style=\"font-size: 10pt;\">\r\n\r\n<\/span><\/p>\r\n<p>&nbsp;<\/p>\r\n<p><span style=\"font-size: 10pt;\">\r\n\r\n<\/span><\/p>\r\n<div class=\"wp-block-image\">\r\n<figure class=\"aligncenter size-medium is-resized\"><span style=\"font-size: 10pt;\"><img loading=\"lazy\" class=\"wp-image-440\" src=\"https:\/\/www.changqiyu.com\/wp-content\/uploads\/2020\/12\/zxfeC-300x113.gif\" alt=\"\" width=\"331\" height=\"125\" \/> \u00a0 <\/span><\/figure>\r\n<figure class=\"aligncenter size-medium is-resized\"><span style=\"font-size: 10pt;\"><img loading=\"lazy\" class=\"wp-image-441\" src=\"https:\/\/www.changqiyu.com\/wp-content\/uploads\/2020\/12\/15.bmp\" alt=\"\" width=\"331\" height=\"232\" \/><\/span><\/figure>\r\n<\/div>\r\n<p><span style=\"font-size: 10pt;\">\r\n\r\n<\/span><\/p>\r\n<div class=\"wp-block-image\">\u00a0<\/div>\r\n<p><span style=\"font-size: 10pt;\">\r\n\r\n<\/span><\/p>\r\n<p><span style=\"font-size: 10pt;\">Fig.07. Sine wave (Retrieved from http:\/\/i.stack.imgur.com\/)<br \/><\/span><span style=\"font-size: 10pt;\">Fig.08. The fa\u00e7ade of School of Sagrada Familia (Adell, &amp; Garc\u00eda Santos, 2005)<\/span><\/p>\r\n<p><span style=\"font-size: 10pt;\">\r\n\r\n<\/span><\/p>\r\n<p><span style=\"font-size: 10pt;\">\r\n\r\n<\/span><\/p>\r\n<p><span style=\"font-size: 10pt;\">From the original layout of this school, we can see the curved directrix was drawn on the floor like a wavy sinusoid. The interior of the school building consisted of three classrooms, intended as different spaces, entering from a porch with double outer doors and another one leading to the central classroom. Each classroom held some 44-56 pupils. Since the beams would be too long if they went straight from one side to the other, Gaudi designed a central portico inside to serve as a central support for the beams. This rather horizontal central main beam clearly serves as the straight directrix line for the straight but warped surface.<\/span><\/p>\r\n<p><span style=\"font-size: 10pt;\">\r\n\r\n<\/span><\/p>\r\n<div class=\"wp-block-image\">\r\n<figure class=\"aligncenter size-large is-resized\"><span style=\"font-size: 10pt;\"><img loading=\"lazy\" class=\"wp-image-435\" src=\"https:\/\/www.changqiyu.com\/wp-content\/uploads\/2020\/12\/Gaudi-and-the-vaults-over-the-Sagrada-Familia-School11.jpg\" alt=\"\" width=\"339\" height=\"234\" srcset=\"https:\/\/www.changqiyu.com\/wp-content\/uploads\/2020\/12\/Gaudi-and-the-vaults-over-the-Sagrada-Familia-School11.jpg 480w, https:\/\/www.changqiyu.com\/wp-content\/uploads\/2020\/12\/Gaudi-and-the-vaults-over-the-Sagrada-Familia-School11-300x207.jpg 300w\" sizes=\"(max-width: 339px) 100vw, 339px\" \/> <\/span><\/figure>\r\n<figure class=\"aligncenter size-large is-resized\"><span style=\"font-size: 10pt;\"><img loading=\"lazy\" class=\"wp-image-426\" src=\"https:\/\/www.changqiyu.com\/wp-content\/uploads\/2020\/12\/Gaudi-and-the-vaults-over-the-Sagrada-Familia-School.jpg\" alt=\"\" width=\"356\" height=\"178\" srcset=\"https:\/\/www.changqiyu.com\/wp-content\/uploads\/2020\/12\/Gaudi-and-the-vaults-over-the-Sagrada-Familia-School.jpg 751w, https:\/\/www.changqiyu.com\/wp-content\/uploads\/2020\/12\/Gaudi-and-the-vaults-over-the-Sagrada-Familia-School-300x150.jpg 300w, https:\/\/www.changqiyu.com\/wp-content\/uploads\/2020\/12\/Gaudi-and-the-vaults-over-the-Sagrada-Familia-School-180x90.jpg 180w\" sizes=\"(max-width: 356px) 100vw, 356px\" \/><\/span><\/figure>\r\n<\/div>\r\n<p><span style=\"font-size: 10pt;\">\r\n\r\n<\/span><\/p>\r\n<div class=\"wp-block-image\">\u00a0<\/div>\r\n<p><span style=\"font-size: 10pt;\">\r\n\r\n<\/span><\/p>\r\n<p><span style=\"font-size: 10pt;\">Fig.09 Plan of the School of Sagrada Familia. (Adell, &amp; Garc\u00eda Santos, 2005)<br \/><\/span><span style=\"font-size: 10pt;\">Fig.10 Three pillars supporting the central beam. (Adell, &amp; Garc\u00eda Santos, 2005)<\/span><\/p>\r\n<p><span style=\"font-size: 10pt;\">\r\n\r\n<\/span><\/p>\r\n<p><span style=\"font-size: 10pt;\">\r\n\r\n<\/span><\/p>\r\n<p><span style=\"font-size: 10pt;\">The central beam also represents the watershed of two intersecting conoid parts of roofs. Although this division cannot be easily recognized from outside, but during the first torch in 1936, we can see from the picture that a 220mm metal central beam stands in the middle longitudinally to support the wood joists. And the central beam itself also rests on three pillars in the central portico.<\/span><\/p>\r\n<p><span style=\"font-size: 10pt;\">\r\n\r\n<\/span><\/p>\r\n<div class=\"wp-block-image\">\r\n<figure class=\"aligncenter size-medium\"><span style=\"font-size: 10pt;\"><img loading=\"lazy\" width=\"300\" height=\"219\" class=\"wp-image-431\" src=\"https:\/\/www.changqiyu.com\/wp-content\/uploads\/2020\/12\/Gaudi-and-the-vaults-over-the-Sagrada-Familia-School07-300x219.jpg\" alt=\"\" srcset=\"https:\/\/www.changqiyu.com\/wp-content\/uploads\/2020\/12\/Gaudi-and-the-vaults-over-the-Sagrada-Familia-School07-300x219.jpg 300w, https:\/\/www.changqiyu.com\/wp-content\/uploads\/2020\/12\/Gaudi-and-the-vaults-over-the-Sagrada-Familia-School07.jpg 450w\" sizes=\"(max-width: 300px) 100vw, 300px\" \/> <\/span><\/figure>\r\n<figure class=\"aligncenter size-medium\"><span style=\"font-size: 10pt;\"><img loading=\"lazy\" width=\"300\" height=\"225\" class=\"wp-image-428\" src=\"https:\/\/www.changqiyu.com\/wp-content\/uploads\/2020\/12\/Gaudi-and-the-vaults-over-the-Sagrada-Familia-School02-300x225.jpg\" alt=\"\" srcset=\"https:\/\/www.changqiyu.com\/wp-content\/uploads\/2020\/12\/Gaudi-and-the-vaults-over-the-Sagrada-Familia-School02-300x225.jpg 300w, https:\/\/www.changqiyu.com\/wp-content\/uploads\/2020\/12\/Gaudi-and-the-vaults-over-the-Sagrada-Familia-School02.jpg 544w\" sizes=\"(max-width: 300px) 100vw, 300px\" \/><\/span><\/figure>\r\n<\/div>\r\n<p><span style=\"font-size: 10pt;\">\r\n\r\n<\/span><\/p>\r\n<div class=\"wp-block-image\">\u00a0<\/div>\r\n<p><span style=\"font-size: 10pt;\">\r\n\r\n<\/span><\/p>\r\n<p><span style=\"font-size: 10pt;\">Fig.11 Photograph of the Schools before being burned. (Adell, &amp; Garc\u00eda Santos, 2005)<br \/><\/span><span style=\"font-size: 10pt;\">Fig.12 Photo of the School of Sagrada Fam\u00edlia torched, the center beam can be seen. (Adell, &amp; Garc\u00eda Santos, 2005)<\/span><\/p>\r\n<p><span style=\"font-size: 10pt;\">\r\n\r\n<\/span><\/p>\r\n<p><span style=\"font-size: 10pt;\">\r\n\r\n<\/span><\/p>\r\n<p><span style=\"font-size: 10pt;\">Above the central beam, a series of wood joists are resting on it and rotating around the central beam into corrugated shape. The corrugated wood joists serve as the skeleton of the roof, and transfer the weight of the three layer of Catalonian bricks of roof cover into the central beam, finally direct to the ground by the three pillars. From the cross sections of the school (fig.15) we can also recognize this structure system.<\/span><\/p>\r\n<p><span style=\"font-size: 10pt;\">\r\n\r\n<\/span><\/p>\r\n<div class=\"wp-block-image\">\r\n<figure class=\"aligncenter size-medium\"><span style=\"font-size: 10pt;\"><img loading=\"lazy\" width=\"300\" height=\"223\" class=\"wp-image-423\" src=\"https:\/\/www.changqiyu.com\/wp-content\/uploads\/2020\/12\/Gaudi-and-the-vaults-over-the-Sagrada-Familia-School03-300x223.jpg\" alt=\"\" srcset=\"https:\/\/www.changqiyu.com\/wp-content\/uploads\/2020\/12\/Gaudi-and-the-vaults-over-the-Sagrada-Familia-School03-300x223.jpg 300w, https:\/\/www.changqiyu.com\/wp-content\/uploads\/2020\/12\/Gaudi-and-the-vaults-over-the-Sagrada-Familia-School03.jpg 768w\" sizes=\"(max-width: 300px) 100vw, 300px\" \/> <\/span><\/figure>\r\n<figure class=\"aligncenter size-medium\"><span style=\"font-size: 10pt;\"><img loading=\"lazy\" width=\"300\" height=\"246\" class=\"wp-image-424\" src=\"https:\/\/www.changqiyu.com\/wp-content\/uploads\/2020\/12\/Gaudi-and-the-vaults-over-the-Sagrada-Familia-School04-300x246.jpg\" alt=\"\" srcset=\"https:\/\/www.changqiyu.com\/wp-content\/uploads\/2020\/12\/Gaudi-and-the-vaults-over-the-Sagrada-Familia-School04-300x246.jpg 300w, https:\/\/www.changqiyu.com\/wp-content\/uploads\/2020\/12\/Gaudi-and-the-vaults-over-the-Sagrada-Familia-School04.jpg 649w\" sizes=\"(max-width: 300px) 100vw, 300px\" \/><\/span><\/figure>\r\n<\/div>\r\n<p><span style=\"font-size: 10pt;\">\r\n\r\n<\/span><\/p>\r\n<div class=\"wp-block-image\">\u00a0<\/div>\r\n<p><span style=\"font-size: 10pt;\">\r\n\r\n<\/span><\/p>\r\n<p><span style=\"font-size: 10pt;\">Fig.13 Longitudinal Perspective with corrugated walls (Adell, &amp; Garc\u00eda Santos, 2005)<br \/><\/span><span style=\"font-size: 10pt;\">Fig.14 Structural system of Sagrada Familia School (Adell, &amp; Garc\u00eda Santos, 2005)<\/span><\/p>\r\n<p><span style=\"font-size: 10pt;\">\r\n\r\n<\/span><\/p>\r\n<p><span style=\"font-size: 10pt;\">\r\n\r\n<\/span><\/p>\r\n<div class=\"wp-block-image\">\r\n<figure class=\"aligncenter size-medium\"><span style=\"font-size: 10pt;\"><img loading=\"lazy\" width=\"262\" height=\"300\" class=\"wp-image-434\" src=\"https:\/\/www.changqiyu.com\/wp-content\/uploads\/2020\/12\/Gaudi-and-the-vaults-over-the-Sagrada-Familia-School10-262x300.jpg\" alt=\"\" srcset=\"https:\/\/www.changqiyu.com\/wp-content\/uploads\/2020\/12\/Gaudi-and-the-vaults-over-the-Sagrada-Familia-School10-262x300.jpg 262w, https:\/\/www.changqiyu.com\/wp-content\/uploads\/2020\/12\/Gaudi-and-the-vaults-over-the-Sagrada-Familia-School10.jpg 524w\" sizes=\"(max-width: 262px) 100vw, 262px\" \/><\/span><\/figure>\r\n<\/div>\r\n<p><span style=\"font-size: 10pt;\">\r\n\r\n<\/span><\/p>\r\n<p><span style=\"font-size: 10pt;\">Fig.15 Cross sections of the deck, by the horizontal intersection Conoids or the inclined axis thereof, with its central ridge. (Adell, &amp; Garc\u00eda Santos, 2005)<\/span><\/p>\r\n<p><span style=\"font-size: 10pt;\">\r\n\r\n<\/span><\/p>\r\n<p><span style=\"font-size: 10pt;\">In conclusion, Gaudi used his ingenious way to combine the advantages of several structural systems that created this small building with minimal materials. It is an icon of how an architect could use indigenous construction method to design a both economical and beautiful building. Gaudi did not jerry-built this provisional building but treat every building with best efforts. The geometric and mechanical ideas used in this case could be an inspirational lesson for later architects.<\/span><\/p>\r\n<p><span style=\"font-size: 10pt;\">\r\n\r\n<\/span><\/p>\r\n<p>&nbsp;<\/p>\r\n<p>&nbsp;<\/p>\r\n<p><strong><span style=\"font-size: 10pt;\">Reference List<\/span><\/strong><\/p>\r\n<p><span style=\"font-size: 10pt;\">\r\n\r\n<\/span><\/p>\r\n<p><span style=\"font-size: 10pt;\">Adell, J. M., &amp; Garc\u00eda Santos, A. (2005). Gaud\u00ed y las b\u00f3vedas de las escuelas de la Sagrada Familia.\u00a0<em>Informes de la Construcci\u00f3n<\/em>,\u00a0<em>56<\/em>(496), 31-45.<br \/><\/span><span style=\"font-size: 10pt;\">Gaudiallgaudi. Retrieved from http:\/\/www.gaudiallgaudi.com\/AA002%20G%20Tecnica%20arq.htm<br \/><\/span><span style=\"font-size: 10pt;\">Gaudiclub. Retrieved from http:\/\/www.gaudiclub.com\/ingles\/i_vida\/escoles.html<br \/><\/span><span style=\"font-size: 10pt;\">\u0160ekularac, N., Ivanovi\u0107-\u0160ekularac, J., &amp; \u010ciki\u0107-Tovarovi\u0107, J. (2012). Folded structures in modern architecture.\u00a0<em>Facta universitatis-series: Architecture and Civil Engineering<\/em>,\u00a0<em>10<\/em>(1), 1-16.<br \/><\/span><span style=\"font-size: 10pt;\">Rosman, R., &amp; Nonveiller, E. (1984). Tehni\u010dka enciklopedija.\u00a0<em>Jugoslovenski leksikografski zavod\u2013Miroslav Krle\u017ea, Zagreb<\/em>, 173.<br \/><\/span><span style=\"font-size: 10pt;\">Romi\u0107 S. (1980), Ljuskaste konstrukcije. <em>Nau\u010dna knjiga, Beograd<\/em>, pp. 100<\/span><\/p>\r\n<p><span style=\"font-size: 10pt;\">\r\n\r\n<\/span><\/p>\r\n<p><span style=\"font-size: 10pt;\">\r\n\r\n<\/span><\/p>\r\n<p><span style=\"font-size: 10pt;\">\r\n\r\n<\/span><\/p>\r\n<p><span style=\"font-size: 10pt;\">\r\n\r\n<\/span><\/p>\r\n<p><span style=\"font-size: 10pt;\">\r\n\r\n<\/span><\/p>\r\n<p><span style=\"font-size: 10pt;\"><\/span><\/p>","protected":false},"excerpt":{"rendered":"<p>&nbsp; As the great masterpiece known by the world, Sagrada Familia is the representative work by Antoni Gaudi. But the small building besides Sagrada Familia, which under the shadow of<span class=\"more-button\"><a href=\"https:\/\/www.changqiyu.com\/index.php\/researches\/philosophy-of-structure-school-of-sagrada-familia\/\" class=\"more-link\">Continue reading<span class=\"screen-reader-text\">Philosophy of Structure &#8211; School of Sagrada Familia<\/span><\/a><\/span><\/p>\n","protected":false},"author":1,"featured_media":0,"parent":149,"menu_order":0,"comment_status":"closed","ping_status":"closed","template":"","meta":{"spay_email":""},"_links":{"self":[{"href":"https:\/\/www.changqiyu.com\/index.php\/wp-json\/wp\/v2\/pages\/393"}],"collection":[{"href":"https:\/\/www.changqiyu.com\/index.php\/wp-json\/wp\/v2\/pages"}],"about":[{"href":"https:\/\/www.changqiyu.com\/index.php\/wp-json\/wp\/v2\/types\/page"}],"author":[{"embeddable":true,"href":"https:\/\/www.changqiyu.com\/index.php\/wp-json\/wp\/v2\/users\/1"}],"replies":[{"embeddable":true,"href":"https:\/\/www.changqiyu.com\/index.php\/wp-json\/wp\/v2\/comments?post=393"}],"version-history":[{"count":9,"href":"https:\/\/www.changqiyu.com\/index.php\/wp-json\/wp\/v2\/pages\/393\/revisions"}],"predecessor-version":[{"id":449,"href":"https:\/\/www.changqiyu.com\/index.php\/wp-json\/wp\/v2\/pages\/393\/revisions\/449"}],"up":[{"embeddable":true,"href":"https:\/\/www.changqiyu.com\/index.php\/wp-json\/wp\/v2\/pages\/149"}],"wp:attachment":[{"href":"https:\/\/www.changqiyu.com\/index.php\/wp-json\/wp\/v2\/media?parent=393"}],"curies":[{"name":"wp","href":"https:\/\/api.w.org\/{rel}","templated":true}]}}